{"id":12,"date":"2024-05-19T15:39:34","date_gmt":"2024-05-19T13:39:34","guid":{"rendered":"http:\/\/www.komorebi-jouets.fr\/?page_id=12"},"modified":"2024-10-01T20:10:57","modified_gmt":"2024-10-01T18:10:57","slug":"le-nouveau-e-mucem-ouvre-ses-portes-2","status":"publish","type":"page","link":"https:\/\/www.komorebi-jouets.fr\/","title":{"rendered":"Komorebi Jouets de collection"},"content":{"rendered":"\n<p><\/p>\n\n\n\n<div class=\"wp-block-group alignwide\"><div class=\"wp-block-group__inner-container is-layout-flow wp-block-group-is-layout-flow\">\n<h2 class=\"wp-block-heading has-text-align-center\">Cr\u00e9ation de jouets et d&rsquo;objets collectors inspir\u00e9s des ann\u00e9es 70 et 80.<\/h2>\n\n\n\n<div class=\"wp-block-columns alignwide is-layout-flex wp-container-core-columns-is-layout-9d6595d7 wp-block-columns-is-layout-flex\">\n<div class=\"wp-block-column is-layout-flow wp-block-column-is-layout-flow\">\n<div class=\"wp-block-group\"><div class=\"wp-block-group__inner-container is-layout-flow wp-block-group-is-layout-flow\">\n<figure class=\"wp-block-image alignfull size-full\"><a href=\"https:\/\/www.komorebi-jouets.fr\/index.php\/captain-power-et-les-soldats-du-futur-edition-collector-45t-et-k7-audio\/\"><img loading=\"lazy\" decoding=\"async\" width=\"1160\" height=\"870\" src=\"https:\/\/www.komorebi-jouets.fr\/wp-content\/uploads\/2024\/07\/vignette-home-cpower-45T-K7-01.jpg\" alt=\"\" class=\"wp-image-273\" srcset=\"https:\/\/www.komorebi-jouets.fr\/wp-content\/uploads\/2024\/07\/vignette-home-cpower-45T-K7-01.jpg 1160w, https:\/\/www.komorebi-jouets.fr\/wp-content\/uploads\/2024\/07\/vignette-home-cpower-45T-K7-01-300x225.jpg 300w, https:\/\/www.komorebi-jouets.fr\/wp-content\/uploads\/2024\/07\/vignette-home-cpower-45T-K7-01-1024x768.jpg 1024w, https:\/\/www.komorebi-jouets.fr\/wp-content\/uploads\/2024\/07\/vignette-home-cpower-45T-K7-01-768x576.jpg 768w\" sizes=\"auto, (max-width: 1160px) 100vw, 1160px\" \/><\/a><\/figure>\n\n\n\n<h3 class=\"wp-block-heading\">Captain Power et les soldats du futur &#8211; \u00c9dition collector | 45T et K7 audio<\/h3>\n\n\n\n<p>Pour la premi\u00e8re fois en France, un extrait de la bande originale de la s\u00e9rie TV diffus\u00e9e en 1988 sur la Cinq.<\/p>\n\n\n\n<p class=\"has-text-align-center\"><strong>\u00c9DITIONS N<\/strong><strong>UM\u00c9ROT\u00c9ES ET LIMIT\u00c9ES \u00c0 87 EXEMPLAIRES<\/strong><\/p>\n\n\n\n<div class=\"wp-block-button is-style-outline is-style-outline--1\"><a class=\"wp-block-button__link has-text-align-center wp-element-button\" href=\"https:\/\/www.komorebi-jouets.fr\/index.php\/captain-power-et-les-soldats-du-futur-edition-collector-45t-et-k7-audio\/\">Lire la suite<\/a><\/div>\n<\/div><\/div>\n<\/div>\n\n\n\n<div class=\"wp-block-column is-layout-flow wp-block-column-is-layout-flow\">\n<div class=\"wp-block-group\"><div class=\"wp-block-group__inner-container is-layout-flow wp-block-group-is-layout-flow\">\n<figure class=\"wp-block-image alignfull size-full\"><a href=\"https:\/\/www.komorebi-jouets.fr\/index.php\/45t-et-k7-audio-talos-30xx\/\"><img loading=\"lazy\" decoding=\"async\" width=\"1160\" height=\"870\" src=\"https:\/\/www.komorebi-jouets.fr\/wp-content\/uploads\/2024\/06\/vignette-home-45T-talos2.jpg\" alt=\"\" class=\"wp-image-226\" srcset=\"https:\/\/www.komorebi-jouets.fr\/wp-content\/uploads\/2024\/06\/vignette-home-45T-talos2.jpg 1160w, https:\/\/www.komorebi-jouets.fr\/wp-content\/uploads\/2024\/06\/vignette-home-45T-talos2-300x225.jpg 300w, https:\/\/www.komorebi-jouets.fr\/wp-content\/uploads\/2024\/06\/vignette-home-45T-talos2-1024x768.jpg 1024w, https:\/\/www.komorebi-jouets.fr\/wp-content\/uploads\/2024\/06\/vignette-home-45T-talos2-768x576.jpg 768w\" sizes=\"auto, (max-width: 1160px) 100vw, 1160px\" \/><\/a><\/figure>\n\n\n\n<h3 class=\"wp-block-heading\">45T et K7 audio TALOS 30XX<\/h3>\n\n\n\n<p>Les chansons des g\u00e9n\u00e9riques du dessin-anim\u00e9 Talos 30XX, \u00e9dit\u00e9es en disque vinyle et en cassette audio !<\/p>\n\n\n\n<p class=\"has-text-align-center\"><strong>\u00c9DITIONS <strong>NUM\u00c9ROT\u00c9ES ET LIMIT\u00c9ES<\/strong><\/strong><strong> \u00c0 25 EXEMPLAIRES<\/strong><\/p>\n\n\n\n<div class=\"wp-block-button is-style-outline is-style-outline--2\"><a class=\"wp-block-button__link wp-element-button\" href=\"https:\/\/www.komorebi-jouets.fr\/index.php\/45t-et-k7-audio-talos-30xx\/\">LIRE LA SUITE<\/a><\/div>\n<\/div><\/div>\n<\/div>\n<\/div>\n<\/div><\/div>\n\n\n\n<div class=\"wp-block-columns alignwide is-layout-flex wp-container-core-columns-is-layout-9d6595d7 wp-block-columns-is-layout-flex\">\n<div class=\"wp-block-column is-layout-flow wp-block-column-is-layout-flow\">\n<div class=\"wp-block-group\"><div class=\"wp-block-group__inner-container is-layout-flow wp-block-group-is-layout-flow\">\n<figure class=\"wp-block-image alignfull size-full\"><a href=\"https:\/\/www.komorebi-jouets.fr\/index.php\/le-robot-combiner-talos-30xx-et-sa-base\/\"><img loading=\"lazy\" decoding=\"async\" width=\"1160\" height=\"870\" src=\"https:\/\/www.komorebi-jouets.fr\/wp-content\/uploads\/2024\/05\/vignette-home-talos30xxbase2.jpg\" alt=\"\" class=\"wp-image-149\" srcset=\"https:\/\/www.komorebi-jouets.fr\/wp-content\/uploads\/2024\/05\/vignette-home-talos30xxbase2.jpg 1160w, https:\/\/www.komorebi-jouets.fr\/wp-content\/uploads\/2024\/05\/vignette-home-talos30xxbase2-300x225.jpg 300w, https:\/\/www.komorebi-jouets.fr\/wp-content\/uploads\/2024\/05\/vignette-home-talos30xxbase2-1024x768.jpg 1024w, https:\/\/www.komorebi-jouets.fr\/wp-content\/uploads\/2024\/05\/vignette-home-talos30xxbase2-768x576.jpg 768w\" sizes=\"auto, (max-width: 1160px) 100vw, 1160px\" \/><\/a><\/figure>\n\n\n\n<h3 class=\"wp-block-heading\">Le robot combiner TALOS 30XX et sa base<\/h3>\n\n\n\n<p>Le char d&rsquo;assaut et les quatre vaisseaux spatiaux peuvent s&rsquo;assembler pour former Talos, un superbe robot en r\u00e9sine de 16 cm, arm\u00e9 d&rsquo;une lance et d&rsquo;un lance-missiles.<br>Les missiles d&rsquo;\u00e9jectent vraiment !<\/p>\n\n\n\n<p class=\"has-text-align-center\"><strong>\u00c9DITION NUM\u00c9ROT\u00c9E ET LIMIT\u00c9E \u00c0 25 EXEMPLAIRES<\/strong><\/p>\n\n\n\n<div class=\"wp-block-button is-style-outline is-style-outline--3\"><a class=\"wp-block-button__link has-text-align-center wp-element-button\" href=\"\/index.php\/le-robot-combiner-talos-30xx-et-sa-base\/\">Lire la suite<\/a><\/div>\n<\/div><\/div>\n<\/div>\n\n\n\n<div class=\"wp-block-column is-layout-flow wp-block-column-is-layout-flow\">\n<div class=\"wp-block-group\"><div class=\"wp-block-group__inner-container is-layout-flow wp-block-group-is-layout-flow\">\n<figure class=\"wp-block-image alignfull size-full\"><a href=\"https:\/\/www.komorebi-jouets.fr\/index.php\/double-blaster-ultrajet-mode\/\"><img loading=\"lazy\" decoding=\"async\" width=\"1160\" height=\"870\" src=\"https:\/\/www.komorebi-jouets.fr\/wp-content\/uploads\/2024\/06\/vignette-home-ultrajet.jpg\" alt=\"\" class=\"wp-image-236\" srcset=\"https:\/\/www.komorebi-jouets.fr\/wp-content\/uploads\/2024\/06\/vignette-home-ultrajet.jpg 1160w, https:\/\/www.komorebi-jouets.fr\/wp-content\/uploads\/2024\/06\/vignette-home-ultrajet-300x225.jpg 300w, https:\/\/www.komorebi-jouets.fr\/wp-content\/uploads\/2024\/06\/vignette-home-ultrajet-1024x768.jpg 1024w, https:\/\/www.komorebi-jouets.fr\/wp-content\/uploads\/2024\/06\/vignette-home-ultrajet-768x576.jpg 768w\" sizes=\"auto, (max-width: 1160px) 100vw, 1160px\" \/><\/a><\/figure>\n\n\n\n<h3 class=\"wp-block-heading\">Double Blaster Ultrajet Mode<\/h3>\n\n\n\n<p>\u00c9quipe ton robot TALOS du redoutable DOUBLE BLASTER, et assemble le fabuleux ULTRAJET !<\/p>\n\n\n\n<div class=\"wp-block-button is-style-outline is-style-outline--4\"><a class=\"wp-block-button__link has-text-align-center wp-element-button\" href=\"https:\/\/www.komorebi-jouets.fr\/index.php\/double-blaster-ultrajet-mode\/\">Lire la suite<\/a><\/div>\n<\/div><\/div>\n<\/div>\n<\/div>\n\n\n\n<p class=\"has-text-align-center\"><\/p>\n","protected":false},"excerpt":{"rendered":"<p>Cr\u00e9ation de jouets et d&rsquo;objets collectors inspir\u00e9s des ann\u00e9es 70 et 80. Captain Power et les soldats du futur &#8211; \u00c9dition collector | 45T et K7 audio Pour la premi\u00e8re fois en France, un extrait de la bande originale de la s\u00e9rie TV diffus\u00e9e en 1988 sur la Cinq. \u00c9DITIONS NUM\u00c9ROT\u00c9ES ET LIMIT\u00c9ES \u00c0 87 [&hellip;]<\/p>\n","protected":false},"author":1,"featured_media":162,"parent":0,"menu_order":0,"comment_status":"closed","ping_status":"closed","template":"","meta":{"footnotes":""},"class_list":["post-12","page","type-page","status-publish","has-post-thumbnail","hentry"],"_links":{"self":[{"href":"https:\/\/www.komorebi-jouets.fr\/index.php\/wp-json\/wp\/v2\/pages\/12","targetHints":{"allow":["GET"]}}],"collection":[{"href":"https:\/\/www.komorebi-jouets.fr\/index.php\/wp-json\/wp\/v2\/pages"}],"about":[{"href":"https:\/\/www.komorebi-jouets.fr\/index.php\/wp-json\/wp\/v2\/types\/page"}],"author":[{"embeddable":true,"href":"https:\/\/www.komorebi-jouets.fr\/index.php\/wp-json\/wp\/v2\/users\/1"}],"replies":[{"embeddable":true,"href":"https:\/\/www.komorebi-jouets.fr\/index.php\/wp-json\/wp\/v2\/comments?post=12"}],"version-history":[{"count":53,"href":"https:\/\/www.komorebi-jouets.fr\/index.php\/wp-json\/wp\/v2\/pages\/12\/revisions"}],"predecessor-version":[{"id":388,"href":"https:\/\/www.komorebi-jouets.fr\/index.php\/wp-json\/wp\/v2\/pages\/12\/revisions\/388"}],"wp:featuredmedia":[{"embeddable":true,"href":"https:\/\/www.komorebi-jouets.fr\/index.php\/wp-json\/wp\/v2\/media\/162"}],"wp:attachment":[{"href":"https:\/\/www.komorebi-jouets.fr\/index.php\/wp-json\/wp\/v2\/media?parent=12"}],"curies":[{"name":"wp","href":"https:\/\/api.w.org\/{rel}","templated":true}]}}