{"id":13,"date":"2024-05-19T15:39:34","date_gmt":"2024-05-19T13:39:34","guid":{"rendered":"http:\/\/www.komorebi-jouets.fr\/?page_id=13"},"modified":"2024-11-26T16:37:43","modified_gmt":"2024-11-26T15:37:43","slug":"a-propos-de","status":"publish","type":"page","link":"https:\/\/www.komorebi-jouets.fr\/index.php\/a-propos-de\/","title":{"rendered":"\u00c0 propos"},"content":{"rendered":"\n<p><em>Komorebi Jouets de collection<\/em> est une petite entreprise fran\u00e7aise fond\u00e9e en 2023 par C\u00e9cile et Bertrand, un couple de passionn\u00e9s de musique et de jouets, d\u00e9di\u00e9e \u00e0 la cr\u00e9ation de jouets et d&rsquo;objets collectors inspir\u00e9s des ann\u00e9es 80 : robots, disques vinyles, cassettes audio, vaisseaux, figurines, v\u00e9hicules, etc.<\/p>\n\n\n\n<p>Notre objectif est de faire revivre aux collectionneurs, aux passionn\u00e9s et aux nostalgiques des ann\u00e9es 80 l&rsquo;exp\u00e9rience d&rsquo;un produit con\u00e7u et achet\u00e9 \u00e0 cette \u00e9poque.<\/p>\n\n\n\n<p>Ne convient pas aux enfants de moins de 40 ans&nbsp;\ud83d\ude09<\/p>\n\n\n\n<p>Courriel : <a href=\"mailto:transmutation@komorebi-jouets.fr\">transmutation@komorebi-jouets.fr<\/a><\/p>\n\n\n\n\n<h2 class=\"wp-block-heading\">On parle de nous<\/h2>\n\n\n\n<figure class=\"wp-block-image size-large\"><a href=\"https:\/\/actu.fr\/ile-de-france\/mouy-sur-seine_77325\/seine-et-marne-grace-a-son-vinyle-collector-le-generique-de-cette-serie-des-annees-80-resonne-a-nouveau_61797319.html\" target=\"_blank\" rel=\" noreferrer noopener\"><img loading=\"lazy\" decoding=\"async\" width=\"675\" height=\"1024\" src=\"https:\/\/www.komorebi-jouets.fr\/wp-content\/uploads\/2024\/11\/cecile-dosne-captain-power-actu-fr-675x1024.jpg\" alt=\"\" class=\"wp-image-407\" srcset=\"https:\/\/www.komorebi-jouets.fr\/wp-content\/uploads\/2024\/11\/cecile-dosne-captain-power-actu-fr-675x1024.jpg 675w, https:\/\/www.komorebi-jouets.fr\/wp-content\/uploads\/2024\/11\/cecile-dosne-captain-power-actu-fr-198x300.jpg 198w, https:\/\/www.komorebi-jouets.fr\/wp-content\/uploads\/2024\/11\/cecile-dosne-captain-power-actu-fr.jpg 757w\" sizes=\"auto, (max-width: 675px) 100vw, 675px\" \/><\/a><\/figure>\n\n\n\n<figure class=\"wp-block-image size-full\"><a href=\"https:\/\/actu.fr\/ile-de-france\/mouy-sur-seine_77325\/seine-et-marne-elle-cree-un-robot-vintage-inspire-des-annees-80_61051678.html\" target=\"_blank\" rel=\"noreferrer noopener\"><img loading=\"lazy\" decoding=\"async\" width=\"749\" height=\"902\" src=\"https:\/\/www.komorebi-jouets.fr\/wp-content\/uploads\/2024\/05\/presse-komorebi-talos-2024-05-11.jpg\" alt=\"\" class=\"wp-image-142\" srcset=\"https:\/\/www.komorebi-jouets.fr\/wp-content\/uploads\/2024\/05\/presse-komorebi-talos-2024-05-11.jpg 749w, https:\/\/www.komorebi-jouets.fr\/wp-content\/uploads\/2024\/05\/presse-komorebi-talos-2024-05-11-249x300.jpg 249w\" sizes=\"auto, (max-width: 749px) 100vw, 749px\" \/><\/a><\/figure>\n\n\n\n<figure class=\"wp-block-embed is-type-video is-provider-youtube wp-block-embed-youtube wp-embed-aspect-16-9 wp-has-aspect-ratio\"><div class=\"wp-block-embed__wrapper\">\n<iframe loading=\"lazy\" title=\"CAPTAIN POWER EDITION COLLECTOR #komorebi #captainpower #blasterjouannerf\" width=\"580\" height=\"326\" src=\"https:\/\/www.youtube.com\/embed\/4rW5QemPV-4?feature=oembed\" frameborder=\"0\" allow=\"accelerometer; autoplay; clipboard-write; encrypted-media; gyroscope; picture-in-picture; web-share\" referrerpolicy=\"strict-origin-when-cross-origin\" allowfullscreen><\/iframe>\n<\/div><\/figure>\n\n\n\n<figure class=\"wp-block-embed is-type-video is-provider-youtube wp-block-embed-youtube wp-embed-aspect-16-9 wp-has-aspect-ratio\"><div class=\"wp-block-embed__wrapper\">\n<iframe loading=\"lazy\" title=\"TALOS le robot Made in FRANCE ! (REVIEW + INTERVIEW des cr\u00e9ateurs)\" width=\"580\" height=\"326\" src=\"https:\/\/www.youtube.com\/embed\/1EXaEfn65nE?feature=oembed\" frameborder=\"0\" allow=\"accelerometer; autoplay; clipboard-write; encrypted-media; gyroscope; picture-in-picture; web-share\" referrerpolicy=\"strict-origin-when-cross-origin\" allowfullscreen><\/iframe>\n<\/div><figcaption class=\"wp-element-caption\">Pr\u00e9sentation de Talos 30XX et interview des cr\u00e9ateurs par Monsieur Toys<\/figcaption><\/figure>\n\n\n\n<figure class=\"wp-block-embed is-type-video is-provider-youtube wp-block-embed-youtube wp-embed-aspect-16-9 wp-has-aspect-ratio\"><div class=\"wp-block-embed__wrapper\">\n<iframe loading=\"lazy\" title=\"TALOS 30XX ROBOT incroyable par KOMOREBI FRANCE ! #jouetsvintage  #robot\" width=\"580\" height=\"326\" src=\"https:\/\/www.youtube.com\/embed\/_X-nPe5cJCE?feature=oembed\" frameborder=\"0\" allow=\"accelerometer; autoplay; clipboard-write; encrypted-media; gyroscope; picture-in-picture; web-share\" referrerpolicy=\"strict-origin-when-cross-origin\" allowfullscreen><\/iframe>\n<\/div><figcaption class=\"wp-element-caption\">Pr\u00e9sentation de Talos 30XX et interview des cr\u00e9ateurs par Blaster Jouannerf<\/figcaption><\/figure>\n","protected":false},"excerpt":{"rendered":"<p>Komorebi Jouets de collection est une petite entreprise fran\u00e7aise fond\u00e9e en 2023 par C\u00e9cile et Bertrand, un couple de passionn\u00e9s de musique et de jouets, d\u00e9di\u00e9e \u00e0 la cr\u00e9ation de jouets et d&rsquo;objets collectors inspir\u00e9s des ann\u00e9es 80 : robots, disques vinyles, cassettes audio, vaisseaux, figurines, v\u00e9hicules, etc. Notre objectif est de faire revivre aux [&hellip;]<\/p>\n","protected":false},"author":1,"featured_media":0,"parent":0,"menu_order":0,"comment_status":"closed","ping_status":"closed","template":"","meta":{"footnotes":""},"class_list":["post-13","page","type-page","status-publish","hentry"],"_links":{"self":[{"href":"https:\/\/www.komorebi-jouets.fr\/index.php\/wp-json\/wp\/v2\/pages\/13","targetHints":{"allow":["GET"]}}],"collection":[{"href":"https:\/\/www.komorebi-jouets.fr\/index.php\/wp-json\/wp\/v2\/pages"}],"about":[{"href":"https:\/\/www.komorebi-jouets.fr\/index.php\/wp-json\/wp\/v2\/types\/page"}],"author":[{"embeddable":true,"href":"https:\/\/www.komorebi-jouets.fr\/index.php\/wp-json\/wp\/v2\/users\/1"}],"replies":[{"embeddable":true,"href":"https:\/\/www.komorebi-jouets.fr\/index.php\/wp-json\/wp\/v2\/comments?post=13"}],"version-history":[{"count":11,"href":"https:\/\/www.komorebi-jouets.fr\/index.php\/wp-json\/wp\/v2\/pages\/13\/revisions"}],"predecessor-version":[{"id":409,"href":"https:\/\/www.komorebi-jouets.fr\/index.php\/wp-json\/wp\/v2\/pages\/13\/revisions\/409"}],"wp:attachment":[{"href":"https:\/\/www.komorebi-jouets.fr\/index.php\/wp-json\/wp\/v2\/media?parent=13"}],"curies":[{"name":"wp","href":"https:\/\/api.w.org\/{rel}","templated":true}]}}