{"id":181,"date":"2024-05-25T07:43:29","date_gmt":"2024-05-25T05:43:29","guid":{"rendered":"https:\/\/www.komorebi-jouets.fr\/?page_id=181"},"modified":"2024-08-21T09:32:56","modified_gmt":"2024-08-21T07:32:56","slug":"45t-et-k7-audio-talos-30xx","status":"publish","type":"page","link":"https:\/\/www.komorebi-jouets.fr\/index.php\/45t-et-k7-audio-talos-30xx\/","title":{"rendered":"Disque vinyle 45T et K7 audio Talos 30XX"},"content":{"rendered":"\n<figure class=\"wp-block-pullquote\"><blockquote><p>Dans le m\u00e9tal, l&rsquo;\u00e2me d&rsquo;un h\u00e9ros jamais ne s&rsquo;efface<\/p><cite>L&rsquo;\u00e9pop\u00e9e de Talos<\/cite><\/blockquote><\/figure>\n\n\n\n<p class=\"has-text-align-center\"><strong>DISQUE VINYLE 45T | \u00c9DITION NUM\u00c9ROT\u00c9E ET LIMIT\u00c9E \u00c0 25 EXEMPLAIRES (\u00c9PUIS\u00c9E)<\/strong><\/p>\n\n\n\n<p class=\"has-text-align-center\"><strong>CASSETTE AUDIO | \u00c9DITION NUM\u00c9ROT\u00c9E ET LIMIT\u00c9E \u00c0 25 EXEMPLAIRES<\/strong><\/p>\n\n\n\n<div class=\"wp-block-buttons is-content-justification-center is-layout-flex wp-container-core-buttons-is-layout-16018d1d wp-block-buttons-is-layout-flex\">\n<div class=\"wp-block-button\"><a class=\"wp-block-button__link wp-element-button\" href=\"https:\/\/komorebi-jouets.sumupstore.com\/article\/cassette-audio-talos-30xx\" target=\"_blank\" rel=\"noreferrer noopener\">ACHETER LA CASSETTE<\/a><\/div>\n<\/div>\n\n\n\n<h2 class=\"wp-block-heading\">Face A | L&rsquo;\u00e9pop\u00e9e de Talos<\/h2>\n\n\n\n<div class=\"wp-block-columns is-layout-flex wp-container-core-columns-is-layout-9d6595d7 wp-block-columns-is-layout-flex\">\n<div class=\"wp-block-column is-layout-flow wp-block-column-is-layout-flow\" style=\"flex-basis:66.66%\">\n<p class=\"has-text-align-left\" style=\"font-size:21px\"><strong>3 minutes 17 secondes<\/strong><\/p>\n\n\n\n<p style=\"font-size:21px\"><strong>Chant\u00e9 par Yves-Marie LEROY<\/strong><\/p>\n<\/div>\n\n\n\n<div class=\"wp-block-column is-layout-flow wp-block-column-is-layout-flow\" style=\"flex-basis:60%\">\n<figure data-wp-context=\"{&quot;imageId&quot;:&quot;69f392ed46525&quot;}\" data-wp-interactive=\"core\/image\" data-wp-key=\"69f392ed46525\" class=\"wp-block-image size-full is-style-default wp-lightbox-container\"><img loading=\"lazy\" decoding=\"async\" width=\"450\" height=\"338\" data-wp-class--hide=\"state.isContentHidden\" data-wp-class--show=\"state.isContentVisible\" data-wp-init=\"callbacks.setButtonStyles\" data-wp-on--click=\"actions.showLightbox\" data-wp-on--load=\"callbacks.setButtonStyles\" data-wp-on-window--resize=\"callbacks.setButtonStyles\" src=\"https:\/\/www.komorebi-jouets.fr\/wp-content\/uploads\/2024\/05\/45t-y-m-leroy.jpg\" alt=\"\" class=\"wp-image-197\" srcset=\"https:\/\/www.komorebi-jouets.fr\/wp-content\/uploads\/2024\/05\/45t-y-m-leroy.jpg 450w, https:\/\/www.komorebi-jouets.fr\/wp-content\/uploads\/2024\/05\/45t-y-m-leroy-300x225.jpg 300w\" sizes=\"auto, (max-width: 450px) 100vw, 450px\" \/><button\n\t\t\tclass=\"lightbox-trigger\"\n\t\t\ttype=\"button\"\n\t\t\taria-haspopup=\"dialog\"\n\t\t\taria-label=\"Agrandir\"\n\t\t\tdata-wp-init=\"callbacks.initTriggerButton\"\n\t\t\tdata-wp-on--click=\"actions.showLightbox\"\n\t\t\tdata-wp-style--right=\"state.imageButtonRight\"\n\t\t\tdata-wp-style--top=\"state.imageButtonTop\"\n\t\t>\n\t\t\t<svg xmlns=\"http:\/\/www.w3.org\/2000\/svg\" width=\"12\" height=\"12\" fill=\"none\" viewBox=\"0 0 12 12\">\n\t\t\t\t<path fill=\"#fff\" d=\"M2 0a2 2 0 0 0-2 2v2h1.5V2a.5.5 0 0 1 .5-.5h2V0H2Zm2 10.5H2a.5.5 0 0 1-.5-.5V8H0v2a2 2 0 0 0 2 2h2v-1.5ZM8 12v-1.5h2a.5.5 0 0 0 .5-.5V8H12v2a2 2 0 0 1-2 2H8Zm2-12a2 2 0 0 1 2 2v2h-1.5V2a.5.5 0 0 0-.5-.5H8V0h2Z\" \/>\n\t\t\t<\/svg>\n\t\t<\/button><\/figure>\n<\/div>\n<\/div>\n\n\n\n<figure class=\"wp-block-embed is-type-video is-provider-youtube wp-block-embed-youtube wp-embed-aspect-16-9 wp-has-aspect-ratio\"><div class=\"wp-block-embed__wrapper\">\n<iframe loading=\"lazy\" title=\"TALOS 30XX | L&#039;\u00e9pop\u00e9e de Talos\" width=\"580\" height=\"326\" src=\"https:\/\/www.youtube.com\/embed\/RmozGIfxY7g?feature=oembed\" frameborder=\"0\" allow=\"accelerometer; autoplay; clipboard-write; encrypted-media; gyroscope; picture-in-picture; web-share\" referrerpolicy=\"strict-origin-when-cross-origin\" allowfullscreen><\/iframe>\n<\/div><\/figure>\n\n\n\n<blockquote class=\"wp-block-quote is-layout-flow wp-block-quote-is-layout-flow\">\n<p>Sur Thessalia tombent les g\u00e9ants.<br>Les monstres divins d\u00e9cha\u00eenent la guerre<br>D&rsquo;une arm\u00e9e d\u00e9cim\u00e9e, se l\u00e8ve un survivant<br>Le puissant Talos, dans sa main tient la lumi\u00e8re<\/p>\n\n\n\n<p>Dans le m\u00e9tal, l&rsquo;\u00e2me d&rsquo;un h\u00e9ros jamais ne s&rsquo;efface<br>Pour l&rsquo;humanit\u00e9, Talos s&rsquo;\u00e9lance, triomphe dans l&rsquo;espace<\/p>\n\n\n\n<p>Surgit de l&rsquo;ombre l&rsquo;hydre aux mille t\u00eates<br>L&rsquo;\u00e9clair de Zeus ne fait que commencer<br>Mais face au chaos, un c\u0153ur de temp\u00eate<br>Talos, le titan, ne peut \u00eatre terrass\u00e9<\/p>\n\n\n\n<p>Dans l&rsquo;\u00e9clat du combat, son courage nous embrase<br>Contre les dieux, Talos d\u00e9fend, notre espoir et notre espace<\/p>\n\n\n\n<p>L&rsquo;olympe en furie lance ses cr\u00e9atures<br>Les cyclopes rugissent, sous un ciel de feu<br>Talos avance, brisant toute armure<br>Avec la force de cent, il combat pour ces enjeux<\/p>\n\n\n\n<p>Dans son armure d&rsquo;acier, il se dresse, g\u00e9ant et fier<br>Pour la Terre, notre protecteur, vaincra la col\u00e8re<\/p>\n\n\n\n<p>Quand l&rsquo;hydre hurle et souffle le vent glacial<br>Les \u00e9toiles tremblent, devant le spectacle<br>Mais notre h\u00e9ros, d&rsquo;un coup magistral<br>Fait face au danger, son armure est spectrale<\/p>\n\n\n\n<p>Dans le feu de la guerre, Talos brille comme un soleil<br>Contre le panth\u00e9on, il lutte pour notre \u00e9veil<\/p>\n<\/blockquote>\n\n\n\n<h2 class=\"wp-block-heading\">Face B | Talos g\u00e9ant invincible<\/h2>\n\n\n\n<div class=\"wp-block-columns is-layout-flex wp-container-core-columns-is-layout-9d6595d7 wp-block-columns-is-layout-flex\">\n<div class=\"wp-block-column is-layout-flow wp-block-column-is-layout-flow\">\n<p style=\"font-size:21px\"><strong>2 minutes 42 secondes<\/strong><\/p>\n\n\n\n<p style=\"font-size:21px\"><strong>Chant\u00e9 par NATALI<\/strong><\/p>\n<\/div>\n\n\n\n<div class=\"wp-block-column is-layout-flow wp-block-column-is-layout-flow\" style=\"flex-basis:50%\">\n<figure data-wp-context=\"{&quot;imageId&quot;:&quot;69f392ed4705c&quot;}\" data-wp-interactive=\"core\/image\" data-wp-key=\"69f392ed4705c\" class=\"wp-block-image size-full is-style-default wp-lightbox-container\"><img loading=\"lazy\" decoding=\"async\" width=\"450\" height=\"291\" data-wp-class--hide=\"state.isContentHidden\" data-wp-class--show=\"state.isContentVisible\" data-wp-init=\"callbacks.setButtonStyles\" data-wp-on--click=\"actions.showLightbox\" data-wp-on--load=\"callbacks.setButtonStyles\" data-wp-on-window--resize=\"callbacks.setButtonStyles\" src=\"https:\/\/www.komorebi-jouets.fr\/wp-content\/uploads\/2024\/05\/45t-natali.jpg\" alt=\"\" class=\"wp-image-201\" srcset=\"https:\/\/www.komorebi-jouets.fr\/wp-content\/uploads\/2024\/05\/45t-natali.jpg 450w, https:\/\/www.komorebi-jouets.fr\/wp-content\/uploads\/2024\/05\/45t-natali-300x194.jpg 300w\" sizes=\"auto, (max-width: 450px) 100vw, 450px\" \/><button\n\t\t\tclass=\"lightbox-trigger\"\n\t\t\ttype=\"button\"\n\t\t\taria-haspopup=\"dialog\"\n\t\t\taria-label=\"Agrandir\"\n\t\t\tdata-wp-init=\"callbacks.initTriggerButton\"\n\t\t\tdata-wp-on--click=\"actions.showLightbox\"\n\t\t\tdata-wp-style--right=\"state.imageButtonRight\"\n\t\t\tdata-wp-style--top=\"state.imageButtonTop\"\n\t\t>\n\t\t\t<svg xmlns=\"http:\/\/www.w3.org\/2000\/svg\" width=\"12\" height=\"12\" fill=\"none\" viewBox=\"0 0 12 12\">\n\t\t\t\t<path fill=\"#fff\" d=\"M2 0a2 2 0 0 0-2 2v2h1.5V2a.5.5 0 0 1 .5-.5h2V0H2Zm2 10.5H2a.5.5 0 0 1-.5-.5V8H0v2a2 2 0 0 0 2 2h2v-1.5ZM8 12v-1.5h2a.5.5 0 0 0 .5-.5V8H12v2a2 2 0 0 1-2 2H8Zm2-12a2 2 0 0 1 2 2v2h-1.5V2a.5.5 0 0 0-.5-.5H8V0h2Z\" \/>\n\t\t\t<\/svg>\n\t\t<\/button><\/figure>\n<\/div>\n<\/div>\n\n\n\n<figure class=\"wp-block-embed is-type-video is-provider-youtube wp-block-embed-youtube wp-embed-aspect-16-9 wp-has-aspect-ratio\"><div class=\"wp-block-embed__wrapper\">\n<iframe loading=\"lazy\" title=\"TALOS 30XX | Talos g\u00e9ant invincible\" width=\"580\" height=\"326\" src=\"https:\/\/www.youtube.com\/embed\/lzXzvTqhr-s?feature=oembed\" frameborder=\"0\" allow=\"accelerometer; autoplay; clipboard-write; encrypted-media; gyroscope; picture-in-picture; web-share\" referrerpolicy=\"strict-origin-when-cross-origin\" allowfullscreen><\/iframe>\n<\/div><\/figure>\n\n\n\n<blockquote class=\"wp-block-quote is-layout-flow wp-block-quote-is-layout-flow\">\n<p>Talos le robot, sauveur de l&rsquo;\u00e9poque<br>Dernier gardien d\u2019une guerre antique, oh<br>Contre les monstres, envoy\u00e9s par les dieux<br>Avec espoir, il prot\u00e8ge nos cieux<\/p>\n\n\n\n<p>Dans le fracas de l&rsquo;ancienne bataille<br>Il se dresse, g\u00e9ant sans faille<\/p>\n\n\n\n<p>Talos le brave, acier dans la nuit<br>H\u00e9ros de fer, contre la noirceur il luit<br>De l&rsquo;Olympe, les foudres ont frapp\u00e9<br>Mais notre g\u00e9ant ne s&rsquo;est jamais inclin\u00e9<\/p>\n\n\n\n<p>Talos, veilleur \u00e9ternel, force de l&rsquo;\u00e9poque<br>Contre la temp\u00eate, il est notre roc<\/p>\n\n\n\n<p>Gardien d&rsquo;acier, il affronte le destin<br>Face aux titans mythiques, il tient<br>Son c\u0153ur de m\u00e9tal, bat pour l&rsquo;humanit\u00e9<br>Dans son sillage, laisse la s\u00e9curit\u00e9<\/p>\n\n\n\n<p>Vaillant et fort, \u00e0 travers les \u00e2ges<br>Il combat les cr\u00e9atures des pages<\/p>\n\n\n\n<p>Vaillant et fort, \u00e0 travers les \u00e2ges<br>Il combat les cr\u00e9atures des pages<\/p>\n<\/blockquote>\n\n\n\n<div class=\"wp-block-buttons is-content-justification-center is-layout-flex wp-container-core-buttons-is-layout-16018d1d wp-block-buttons-is-layout-flex\">\n<div class=\"wp-block-button\"><a class=\"wp-block-button__link wp-element-button\" href=\"https:\/\/komorebi-jouets.sumupstore.com\/article\/cassette-audio-talos-30xx\" target=\"_blank\" rel=\"noreferrer noopener\">ACHETER LA CASSETTE<\/a><\/div>\n<\/div>\n\n\n\n<p><\/p>\n","protected":false},"excerpt":{"rendered":"<p>Dans le m\u00e9tal, l&rsquo;\u00e2me d&rsquo;un h\u00e9ros jamais ne s&rsquo;efface L&rsquo;\u00e9pop\u00e9e de Talos DISQUE VINYLE 45T | \u00c9DITION NUM\u00c9ROT\u00c9E ET LIMIT\u00c9E \u00c0 25 EXEMPLAIRES (\u00c9PUIS\u00c9E) CASSETTE AUDIO | \u00c9DITION NUM\u00c9ROT\u00c9E ET LIMIT\u00c9E \u00c0 25 EXEMPLAIRES Face A | L&rsquo;\u00e9pop\u00e9e de Talos 3 minutes 17 secondes Chant\u00e9 par Yves-Marie LEROY Sur Thessalia tombent les g\u00e9ants.Les monstres divins [&hellip;]<\/p>\n","protected":false},"author":1,"featured_media":225,"parent":0,"menu_order":0,"comment_status":"closed","ping_status":"closed","template":"","meta":{"footnotes":""},"class_list":["post-181","page","type-page","status-publish","has-post-thumbnail","hentry"],"_links":{"self":[{"href":"https:\/\/www.komorebi-jouets.fr\/index.php\/wp-json\/wp\/v2\/pages\/181","targetHints":{"allow":["GET"]}}],"collection":[{"href":"https:\/\/www.komorebi-jouets.fr\/index.php\/wp-json\/wp\/v2\/pages"}],"about":[{"href":"https:\/\/www.komorebi-jouets.fr\/index.php\/wp-json\/wp\/v2\/types\/page"}],"author":[{"embeddable":true,"href":"https:\/\/www.komorebi-jouets.fr\/index.php\/wp-json\/wp\/v2\/users\/1"}],"replies":[{"embeddable":true,"href":"https:\/\/www.komorebi-jouets.fr\/index.php\/wp-json\/wp\/v2\/comments?post=181"}],"version-history":[{"count":24,"href":"https:\/\/www.komorebi-jouets.fr\/index.php\/wp-json\/wp\/v2\/pages\/181\/revisions"}],"predecessor-version":[{"id":364,"href":"https:\/\/www.komorebi-jouets.fr\/index.php\/wp-json\/wp\/v2\/pages\/181\/revisions\/364"}],"wp:featuredmedia":[{"embeddable":true,"href":"https:\/\/www.komorebi-jouets.fr\/index.php\/wp-json\/wp\/v2\/media\/225"}],"wp:attachment":[{"href":"https:\/\/www.komorebi-jouets.fr\/index.php\/wp-json\/wp\/v2\/media?parent=181"}],"curies":[{"name":"wp","href":"https:\/\/api.w.org\/{rel}","templated":true}]}}