{"id":311,"date":"2024-08-14T08:41:25","date_gmt":"2024-08-14T06:41:25","guid":{"rendered":"https:\/\/www.komorebi-jouets.fr\/?page_id=311"},"modified":"2024-08-19T13:31:00","modified_gmt":"2024-08-19T11:31:00","slug":"galerie","status":"publish","type":"page","link":"https:\/\/www.komorebi-jouets.fr\/index.php\/galerie\/","title":{"rendered":"Galerie"},"content":{"rendered":"\n<p>Retrouvez sur cette page des cr\u00e9ations uniques et non commercialis\u00e9es, d\u00e9monstrations de notre passion et de notre savoir-faire.<\/p>\n\n\n\n<div class=\"wp-block-columns is-layout-flex wp-container-core-columns-is-layout-9d6595d7 wp-block-columns-is-layout-flex\">\n<div class=\"wp-block-column is-layout-flow wp-block-column-is-layout-flow\">\n<figure class=\"wp-block-image size-full\"><a href=\"https:\/\/www.komorebi-jouets.fr\/index.php\/forcair\/\"><img loading=\"lazy\" decoding=\"async\" width=\"985\" height=\"657\" src=\"https:\/\/www.komorebi-jouets.fr\/wp-content\/uploads\/2024\/08\/forcair-final-01.jpg\" alt=\"\" class=\"wp-image-308\" srcset=\"https:\/\/www.komorebi-jouets.fr\/wp-content\/uploads\/2024\/08\/forcair-final-01.jpg 985w, https:\/\/www.komorebi-jouets.fr\/wp-content\/uploads\/2024\/08\/forcair-final-01-300x200.jpg 300w, https:\/\/www.komorebi-jouets.fr\/wp-content\/uploads\/2024\/08\/forcair-final-01-768x512.jpg 768w\" sizes=\"auto, (max-width: 985px) 100vw, 985px\" \/><\/a><\/figure>\n\n\n\n<p class=\"has-text-align-center\"><a href=\"https:\/\/www.komorebi-jouets.fr\/index.php\/forcair\/\" data-type=\"page\" data-id=\"294\">Jayce &#8211; For\u00e7air<\/a><\/p>\n<\/div>\n\n\n\n<div class=\"wp-block-column is-layout-flow wp-block-column-is-layout-flow\"><\/div>\n<\/div>\n\n\n\n<p><\/p>\n","protected":false},"excerpt":{"rendered":"<p>Retrouvez sur cette page des cr\u00e9ations uniques et non commercialis\u00e9es, d\u00e9monstrations de notre passion et de notre savoir-faire. Jayce &#8211; For\u00e7air<\/p>\n","protected":false},"author":1,"featured_media":0,"parent":0,"menu_order":0,"comment_status":"closed","ping_status":"closed","template":"","meta":{"footnotes":""},"class_list":["post-311","page","type-page","status-publish","hentry"],"_links":{"self":[{"href":"https:\/\/www.komorebi-jouets.fr\/index.php\/wp-json\/wp\/v2\/pages\/311","targetHints":{"allow":["GET"]}}],"collection":[{"href":"https:\/\/www.komorebi-jouets.fr\/index.php\/wp-json\/wp\/v2\/pages"}],"about":[{"href":"https:\/\/www.komorebi-jouets.fr\/index.php\/wp-json\/wp\/v2\/types\/page"}],"author":[{"embeddable":true,"href":"https:\/\/www.komorebi-jouets.fr\/index.php\/wp-json\/wp\/v2\/users\/1"}],"replies":[{"embeddable":true,"href":"https:\/\/www.komorebi-jouets.fr\/index.php\/wp-json\/wp\/v2\/comments?post=311"}],"version-history":[{"count":7,"href":"https:\/\/www.komorebi-jouets.fr\/index.php\/wp-json\/wp\/v2\/pages\/311\/revisions"}],"predecessor-version":[{"id":362,"href":"https:\/\/www.komorebi-jouets.fr\/index.php\/wp-json\/wp\/v2\/pages\/311\/revisions\/362"}],"wp:attachment":[{"href":"https:\/\/www.komorebi-jouets.fr\/index.php\/wp-json\/wp\/v2\/media?parent=311"}],"curies":[{"name":"wp","href":"https:\/\/api.w.org\/{rel}","templated":true}]}}