{"id":369,"date":"2024-10-01T12:16:30","date_gmt":"2024-10-01T10:16:30","guid":{"rendered":"https:\/\/www.komorebi-jouets.fr\/?page_id=369"},"modified":"2024-11-14T06:36:22","modified_gmt":"2024-11-14T05:36:22","slug":"captain-power-et-les-soldats-du-futur-edition-collector-45t-et-k7-audio","status":"publish","type":"page","link":"https:\/\/www.komorebi-jouets.fr\/index.php\/captain-power-et-les-soldats-du-futur-edition-collector-45t-et-k7-audio\/","title":{"rendered":"Captain Power et les soldats du futur 45T et K7 audio collector"},"content":{"rendered":"\n<p class=\"has-text-align-left\">Pour la premi\u00e8re fois en France, un extrait de la bande originale compos\u00e9e par Gary Guttman pour la s\u00e9rie \u00ab\u00a0Captain Power et les Soldats du Futur\u00a0\u00bb, diffus\u00e9e en 1988 sur La Cinq !<\/p>\n\n\n\n<div class=\"wp-block-buttons is-content-justification-center is-layout-flex wp-container-core-buttons-is-layout-16018d1d wp-block-buttons-is-layout-flex\">\n<div class=\"wp-block-button\"><a class=\"wp-block-button__link wp-element-button\" href=\"https:\/\/komorebi-jouets.sumupstore.com\/cat%C3%A9gorie\/captain-power\" target=\"_blank\" rel=\"noreferrer noopener\">ACHETER EN LIGNE<\/a><\/div>\n<\/div>\n\n\n\n<h2 class=\"wp-block-heading\">Pack Collector 45T<\/h2>\n\n\n\n<ul class=\"wp-block-list\">\n<li>1 disque vinyle 45T avec pochette \u00e0 deux volets (gatefold) num\u00e9rot\u00e9<\/li>\n\n\n\n<li>5 photos haute qualit\u00e9 au format carte postale<\/li>\n\n\n\n<li>1 double poster A3<\/li>\n\n\n\n<li>1 double poster A4 (artwork original, illustrations in\u00e9dites ou rares tir\u00e9es du \u00ab\u00a0Style Guide\u00a0\u00bb de Mattel)<\/li>\n\n\n\n<li>1 certificat d&rsquo;authenticit\u00e9 num\u00e9rot\u00e9<\/li>\n<\/ul>\n\n\n\n<figure class=\"wp-block-image size-full\"><img loading=\"lazy\" decoding=\"async\" width=\"987\" height=\"790\" src=\"https:\/\/www.komorebi-jouets.fr\/wp-content\/uploads\/2024\/10\/packshot-45T.jpg\" alt=\"\" class=\"wp-image-375\" srcset=\"https:\/\/www.komorebi-jouets.fr\/wp-content\/uploads\/2024\/10\/packshot-45T.jpg 987w, https:\/\/www.komorebi-jouets.fr\/wp-content\/uploads\/2024\/10\/packshot-45T-300x240.jpg 300w, https:\/\/www.komorebi-jouets.fr\/wp-content\/uploads\/2024\/10\/packshot-45T-768x615.jpg 768w\" sizes=\"auto, (max-width: 987px) 100vw, 987px\" \/><\/figure>\n\n\n\n<h2 class=\"wp-block-heading\">Pack Collector K7 Audio<\/h2>\n\n\n\n<ul class=\"wp-block-list\">\n<li>1 cassette audio num\u00e9rot\u00e9e<\/li>\n\n\n\n<li>5 photos haute qualit\u00e9 au format carte postale<\/li>\n\n\n\n<li>1 double poster A3<\/li>\n\n\n\n<li>1 double poster A4 (artwork original, illustrations in\u00e9dites ou rares tir\u00e9es du \u00ab\u00a0Style Guide\u00a0\u00bb de Mattel)<\/li>\n\n\n\n<li>1 certificat d&rsquo;authenticit\u00e9 num\u00e9rot\u00e9<\/li>\n<\/ul>\n\n\n\n<figure class=\"wp-block-image size-full\"><img loading=\"lazy\" decoding=\"async\" width=\"987\" height=\"790\" src=\"https:\/\/www.komorebi-jouets.fr\/wp-content\/uploads\/2024\/10\/packshot-K7.jpg\" alt=\"\" class=\"wp-image-376\" srcset=\"https:\/\/www.komorebi-jouets.fr\/wp-content\/uploads\/2024\/10\/packshot-K7.jpg 987w, https:\/\/www.komorebi-jouets.fr\/wp-content\/uploads\/2024\/10\/packshot-K7-300x240.jpg 300w, https:\/\/www.komorebi-jouets.fr\/wp-content\/uploads\/2024\/10\/packshot-K7-768x615.jpg 768w\" sizes=\"auto, (max-width: 987px) 100vw, 987px\" \/><\/figure>\n\n\n\n<h2 class=\"wp-block-heading\">Pack \u00ab\u00a0Soldat du futur\u00a0\u00bb 45T+K7<\/h2>\n\n\n\n<p>Devenez un vrai Soldat du Futur, dernier espoir du genre humain, et recevez <strong>un bonus exclusif<\/strong> !<\/p>\n\n\n\n<ul class=\"wp-block-list\">\n<li>1 disque vinyle 45T avec pochette \u00e0 deux volets (gatefold) num\u00e9rot\u00e9<\/li>\n\n\n\n<li>1 cassette audio num\u00e9rot\u00e9e<\/li>\n\n\n\n<li>5 photos haute qualit\u00e9 au format carte postale<\/li>\n\n\n\n<li>1 double poster A3<\/li>\n\n\n\n<li>1 double poster A4 (artwork original, illustrations in\u00e9dites ou rares tir\u00e9es du \u00ab\u00a0Style Guide\u00a0\u00bb de Mattel)<\/li>\n\n\n\n<li>1 certificat d&rsquo;authenticit\u00e9 num\u00e9rot\u00e9<\/li>\n\n\n\n<li><strong>1 bonus exclusif<\/strong> : un support et un chevalet personnalis\u00e9s aux couleurs de la s\u00e9rie !<\/li>\n<\/ul>\n\n\n\n<figure class=\"wp-block-image size-large\"><img loading=\"lazy\" decoding=\"async\" width=\"869\" height=\"1024\" src=\"https:\/\/www.komorebi-jouets.fr\/wp-content\/uploads\/2024\/10\/packshot-45T-et-K7-869x1024.jpg\" alt=\"\" class=\"wp-image-382\" srcset=\"https:\/\/www.komorebi-jouets.fr\/wp-content\/uploads\/2024\/10\/packshot-45T-et-K7-869x1024.jpg 869w, https:\/\/www.komorebi-jouets.fr\/wp-content\/uploads\/2024\/10\/packshot-45T-et-K7-255x300.jpg 255w, https:\/\/www.komorebi-jouets.fr\/wp-content\/uploads\/2024\/10\/packshot-45T-et-K7-768x905.jpg 768w, https:\/\/www.komorebi-jouets.fr\/wp-content\/uploads\/2024\/10\/packshot-45T-et-K7.jpg 987w\" sizes=\"auto, (max-width: 869px) 100vw, 869px\" \/><\/figure>\n\n\n\n<h2 class=\"wp-block-heading\">Tracklist 45T et cassette<\/h2>\n\n\n\n<p class=\"has-text-align-center\"><strong>MUSIQUE DE GARY GUTTMAN<\/strong><\/p>\n\n\n\n<p>Face A (3:17) :<\/p>\n\n\n\n<ul class=\"wp-block-list\">\n<li>Captain Power opening (version fran\u00e7aise) (1:32)<\/li>\n\n\n\n<li>Get ready (1:45)<\/li>\n\n\n\n<li>Power on &#8211; alternate (0:19)<\/li>\n<\/ul>\n\n\n\n<p>Face B (2:44) :<\/p>\n\n\n\n<ul class=\"wp-block-list\">\n<li>Air battle (1:41)<\/li>\n\n\n\n<li>Captain Power end title (1:04)<\/li>\n\n\n\n<li>Jumpship 1 (00:19)<\/li>\n<\/ul>\n\n\n\n<div class=\"wp-block-buttons is-content-justification-center is-layout-flex wp-container-core-buttons-is-layout-16018d1d wp-block-buttons-is-layout-flex\">\n<div class=\"wp-block-button\"><a class=\"wp-block-button__link has-text-align-center wp-element-button\" href=\"https:\/\/komorebi-jouets.sumupstore.com\/cat%C3%A9gorie\/captain-power\" target=\"_blank\" rel=\"noreferrer noopener\">ACHETER EN LIGNE<\/a><\/div>\n<\/div>\n\n\n\n<figure class=\"wp-block-embed is-type-video is-provider-youtube wp-block-embed-youtube wp-embed-aspect-16-9 wp-has-aspect-ratio\"><div class=\"wp-block-embed__wrapper\">\n<iframe loading=\"lazy\" title=\"CAPTAIN POWER EDITION COLLECTOR #komorebi #captainpower #blasterjouannerf\" width=\"580\" height=\"326\" src=\"https:\/\/www.youtube.com\/embed\/4rW5QemPV-4?feature=oembed\" frameborder=\"0\" allow=\"accelerometer; autoplay; clipboard-write; encrypted-media; gyroscope; picture-in-picture; web-share\" referrerpolicy=\"strict-origin-when-cross-origin\" allowfullscreen><\/iframe>\n<\/div><\/figure>\n\n\n\n<figure class=\"wp-block-embed is-type-video is-provider-youtube wp-block-embed-youtube wp-embed-aspect-16-9 wp-has-aspect-ratio\"><div class=\"wp-block-embed__wrapper\">\n<iframe loading=\"lazy\" title=\"Captain Power | \u00c9dition collector 45T et K7 #captainpower\" width=\"580\" height=\"326\" src=\"https:\/\/www.youtube.com\/embed\/flSMsj76jW4?feature=oembed\" frameborder=\"0\" allow=\"accelerometer; autoplay; clipboard-write; encrypted-media; gyroscope; picture-in-picture; web-share\" referrerpolicy=\"strict-origin-when-cross-origin\" allowfullscreen><\/iframe>\n<\/div><\/figure>\n\n\n\n<figure class=\"wp-block-embed is-type-video is-provider-youtube wp-block-embed-youtube wp-embed-aspect-16-9 wp-has-aspect-ratio\"><div class=\"wp-block-embed__wrapper\">\n<iframe loading=\"lazy\" title=\"J-7 | Captain Power | \u00c9dition collector 45T et K7 #captainpower\" width=\"580\" height=\"326\" src=\"https:\/\/www.youtube.com\/embed\/_UNdQgOeRo4?feature=oembed\" frameborder=\"0\" allow=\"accelerometer; autoplay; clipboard-write; encrypted-media; gyroscope; picture-in-picture; web-share\" referrerpolicy=\"strict-origin-when-cross-origin\" allowfullscreen><\/iframe>\n<\/div><\/figure>\n\n\n\n<figure class=\"wp-block-embed is-type-video is-provider-youtube wp-block-embed-youtube wp-embed-aspect-4-3 wp-has-aspect-ratio\"><div class=\"wp-block-embed__wrapper\">\n<iframe loading=\"lazy\" title=\"Captain Power - BO \u00e9dition collector 45T et K7 | 1er bonus 5 photos\" width=\"580\" height=\"435\" src=\"https:\/\/www.youtube.com\/embed\/njNXeLh7a1k?feature=oembed\" frameborder=\"0\" allow=\"accelerometer; autoplay; clipboard-write; encrypted-media; gyroscope; picture-in-picture; web-share\" referrerpolicy=\"strict-origin-when-cross-origin\" allowfullscreen><\/iframe>\n<\/div><\/figure>\n\n\n\n<figure class=\"wp-block-embed is-type-video is-provider-youtube wp-block-embed-youtube wp-embed-aspect-16-9 wp-has-aspect-ratio\"><div class=\"wp-block-embed__wrapper\">\n<iframe loading=\"lazy\" title=\"Captain Power | \u00c9dition collector 45T et K7 #captainpower\" width=\"580\" height=\"326\" src=\"https:\/\/www.youtube.com\/embed\/GXSzVCH3BNs?feature=oembed\" frameborder=\"0\" allow=\"accelerometer; autoplay; clipboard-write; encrypted-media; gyroscope; picture-in-picture; web-share\" referrerpolicy=\"strict-origin-when-cross-origin\" allowfullscreen><\/iframe>\n<\/div><\/figure>\n","protected":false},"excerpt":{"rendered":"<p>Pour la premi\u00e8re fois en France, un extrait de la bande originale compos\u00e9e par Gary Guttman pour la s\u00e9rie \u00ab\u00a0Captain Power et les Soldats du Futur\u00a0\u00bb, diffus\u00e9e en 1988 sur La Cinq ! Pack Collector 45T Pack Collector K7 Audio Pack \u00ab\u00a0Soldat du futur\u00a0\u00bb 45T+K7 Devenez un vrai Soldat du Futur, dernier espoir du genre [&hellip;]<\/p>\n","protected":false},"author":1,"featured_media":371,"parent":0,"menu_order":0,"comment_status":"closed","ping_status":"closed","template":"","meta":{"footnotes":""},"class_list":["post-369","page","type-page","status-publish","has-post-thumbnail","hentry"],"_links":{"self":[{"href":"https:\/\/www.komorebi-jouets.fr\/index.php\/wp-json\/wp\/v2\/pages\/369","targetHints":{"allow":["GET"]}}],"collection":[{"href":"https:\/\/www.komorebi-jouets.fr\/index.php\/wp-json\/wp\/v2\/pages"}],"about":[{"href":"https:\/\/www.komorebi-jouets.fr\/index.php\/wp-json\/wp\/v2\/types\/page"}],"author":[{"embeddable":true,"href":"https:\/\/www.komorebi-jouets.fr\/index.php\/wp-json\/wp\/v2\/users\/1"}],"replies":[{"embeddable":true,"href":"https:\/\/www.komorebi-jouets.fr\/index.php\/wp-json\/wp\/v2\/comments?post=369"}],"version-history":[{"count":22,"href":"https:\/\/www.komorebi-jouets.fr\/index.php\/wp-json\/wp\/v2\/pages\/369\/revisions"}],"predecessor-version":[{"id":405,"href":"https:\/\/www.komorebi-jouets.fr\/index.php\/wp-json\/wp\/v2\/pages\/369\/revisions\/405"}],"wp:featuredmedia":[{"embeddable":true,"href":"https:\/\/www.komorebi-jouets.fr\/index.php\/wp-json\/wp\/v2\/media\/371"}],"wp:attachment":[{"href":"https:\/\/www.komorebi-jouets.fr\/index.php\/wp-json\/wp\/v2\/media?parent=369"}],"curies":[{"name":"wp","href":"https:\/\/api.w.org\/{rel}","templated":true}]}}